{"id":964,"date":"2019-05-30T15:27:12","date_gmt":"2019-05-30T18:27:12","guid":{"rendered":"https:\/\/reuss.com.br\/wp\/?page_id=964"},"modified":"2019-06-02T16:17:18","modified_gmt":"2019-06-02T19:17:18","slug":"pavitec","status":"publish","type":"page","link":"https:\/\/reuss.com.br\/wp\/projetos\/institucionais\/pavitec\/","title":{"rendered":"PAVITEC"},"content":{"rendered":"\t\t<div data-elementor-type=\"wp-post\" data-elementor-id=\"964\" class=\"elementor elementor-964\" data-elementor-post-type=\"page\">\n\t\t\t\t\t\t<section class=\"elementor-section elementor-top-section elementor-element elementor-element-2a0686f elementor-section-full_width elementor-section-height-default elementor-section-height-default\" data-id=\"2a0686f\" data-element_type=\"section\" data-e-type=\"section\">\n\t\t\t\t\t\t<div class=\"elementor-container elementor-column-gap-no\">\n\t\t\t\t\t<div class=\"elementor-column elementor-col-100 elementor-top-column elementor-element elementor-element-2ef5f9cb\" data-id=\"2ef5f9cb\" data-element_type=\"column\" data-e-type=\"column\">\n\t\t\t<div class=\"elementor-widget-wrap elementor-element-populated\">\n\t\t\t\t\t\t<div class=\"elementor-element elementor-element-42578cb5 elementor-widget elementor-widget-heading\" data-id=\"42578cb5\" data-element_type=\"widget\" data-e-type=\"widget\" data-widget_type=\"heading.default\">\n\t\t\t\t<div class=\"elementor-widget-container\">\n\t\t\t\t\t<h3 class=\"elementor-heading-title elementor-size-default\"><a href=\"https:\/\/reuss.com.br\/wp\/projetos\/\">PORTFOLIO<br><\/a><\/h3>\t\t\t\t<\/div>\n\t\t\t\t<\/div>\n\t\t\t\t\t<\/div>\n\t\t<\/div>\n\t\t\t\t\t<\/div>\n\t\t<\/section>\n\t\t\t\t<section class=\"elementor-section elementor-top-section elementor-element elementor-element-5a9b8504 elementor-section-full_width elementor-section-height-default elementor-section-height-default\" data-id=\"5a9b8504\" data-element_type=\"section\" data-e-type=\"section\">\n\t\t\t\t\t\t<div class=\"elementor-container elementor-column-gap-default\">\n\t\t\t\t\t<div class=\"elementor-column elementor-col-100 elementor-top-column elementor-element elementor-element-5c8167c5\" data-id=\"5c8167c5\" data-element_type=\"column\" data-e-type=\"column\">\n\t\t\t<div class=\"elementor-widget-wrap elementor-element-populated\">\n\t\t\t\t\t\t<div class=\"elementor-element elementor-element-6fc357f7 elementor-nav-menu--dropdown-tablet elementor-nav-menu__text-align-aside elementor-nav-menu--toggle elementor-nav-menu--burger elementor-widget elementor-widget-nav-menu\" data-id=\"6fc357f7\" data-element_type=\"widget\" data-e-type=\"widget\" data-settings=\"{&quot;submenu_icon&quot;:{&quot;value&quot;:&quot;&lt;i class=\\&quot;fas fa-angle-down\\&quot;&gt;&lt;\\\/i&gt;&quot;,&quot;library&quot;:&quot;fa-solid&quot;},&quot;layout&quot;:&quot;horizontal&quot;,&quot;toggle&quot;:&quot;burger&quot;}\" data-widget_type=\"nav-menu.default\">\n\t\t\t\t<div class=\"elementor-widget-container\">\n\t\t\t\t\t\t\t\t<nav aria-label=\"Menu\" class=\"elementor-nav-menu--main elementor-nav-menu__container elementor-nav-menu--layout-horizontal e--pointer-text e--animation-none\">\n\t\t\t\t<ul id=\"menu-1-6fc357f7\" class=\"elementor-nav-menu\"><li class=\"menu-item menu-item-type-post_type menu-item-object-page menu-item-has-children menu-item-582\"><a href=\"https:\/\/reuss.com.br\/wp\/projetos\/industriais\/\" class=\"elementor-item\">Industriais<\/a>\n<ul class=\"sub-menu elementor-nav-menu--dropdown\">\n\t<li class=\"menu-item menu-item-type-post_type menu-item-object-page menu-item-1293\"><a href=\"https:\/\/reuss.com.br\/wp\/projetos\/industriais\/ppe-clube\/\" class=\"elementor-sub-item\">PPE Clube<\/a><\/li>\n\t<li class=\"menu-item menu-item-type-post_type menu-item-object-page menu-item-1331\"><a href=\"https:\/\/reuss.com.br\/wp\/projetos\/industriais\/ppe-laboratorios-ampliacao\/\" class=\"elementor-sub-item\">PPE Laboratorios Ampliacao<\/a><\/li>\n<\/ul>\n<\/li>\n<li class=\"menu-item menu-item-type-post_type menu-item-object-page menu-item-has-children menu-item-486\"><a href=\"https:\/\/reuss.com.br\/wp\/projetos\/corporativos\/\" class=\"elementor-item\">Corporativos<\/a>\n<ul class=\"sub-menu elementor-nav-menu--dropdown\">\n\t<li class=\"menu-item menu-item-type-post_type menu-item-object-page menu-item-776\"><a href=\"https:\/\/reuss.com.br\/wp\/projetos\/corporativos\/gilberto-elkis\/\" class=\"elementor-sub-item\">GilbertoElkis<\/a><\/li>\n\t<li class=\"menu-item menu-item-type-post_type menu-item-object-page menu-item-1170\"><a href=\"https:\/\/reuss.com.br\/wp\/projetos\/corporativos\/ppe-fios-cea\/\" class=\"elementor-sub-item\">PPE Fios CEA<\/a><\/li>\n<\/ul>\n<\/li>\n<li class=\"menu-item menu-item-type-post_type menu-item-object-page menu-item-589\"><a href=\"https:\/\/reuss.com.br\/wp\/projetos\/residenciais\/\" class=\"elementor-item\">Residenciais<\/a><\/li>\n<li class=\"menu-item menu-item-type-post_type menu-item-object-page menu-item-has-children menu-item-593\"><a href=\"https:\/\/reuss.com.br\/wp\/projetos\/institucionais\/\" class=\"elementor-item\">Institucionais<\/a>\n<ul class=\"sub-menu elementor-nav-menu--dropdown\">\n\t<li class=\"menu-item menu-item-type-post_type menu-item-object-page menu-item-1222\"><a href=\"https:\/\/reuss.com.br\/wp\/projetos\/institucionais\/marina-publica-de-sao-sebastiao\/\" class=\"elementor-sub-item\">Marina P\u00fablica de S\u00e3o Sebasti\u00e3o<\/a><\/li>\n\t<li class=\"menu-item menu-item-type-post_type menu-item-object-page menu-item-877\"><a href=\"https:\/\/reuss.com.br\/wp\/projetos\/institucionais\/tgi\/\" class=\"elementor-sub-item\">TGI<\/a><\/li>\n\t<li class=\"menu-item menu-item-type-post_type menu-item-object-page menu-item-987\"><a href=\"https:\/\/reuss.com.br\/wp\/projetos\/institucionais\/pavitec\/\" class=\"elementor-sub-item\">PAVITEC<\/a><\/li>\n\t<li class=\"menu-item menu-item-type-post_type menu-item-object-page menu-item-958\"><a href=\"https:\/\/reuss.com.br\/wp\/projetos\/institucionais\/tg\/\" class=\"elementor-sub-item\">TG<\/a><\/li>\n<\/ul>\n<\/li>\n<\/ul>\t\t\t<\/nav>\n\t\t\t\t\t<div class=\"elementor-menu-toggle\" role=\"button\" tabindex=\"0\" aria-label=\"Menu Toggle\" aria-expanded=\"false\">\n\t\t\t<i aria-hidden=\"true\" role=\"presentation\" class=\"elementor-menu-toggle__icon--open eicon-menu-bar\"><\/i><i aria-hidden=\"true\" role=\"presentation\" class=\"elementor-menu-toggle__icon--close eicon-close\"><\/i>\t\t\t<span class=\"elementor-screen-only\">Menu<\/span>\n\t\t<\/div>\n\t\t\t\t\t<nav class=\"elementor-nav-menu--dropdown elementor-nav-menu__container\" aria-hidden=\"true\">\n\t\t\t\t<ul id=\"menu-2-6fc357f7\" class=\"elementor-nav-menu\"><li class=\"menu-item menu-item-type-post_type menu-item-object-page menu-item-has-children menu-item-582\"><a href=\"https:\/\/reuss.com.br\/wp\/projetos\/industriais\/\" class=\"elementor-item\" tabindex=\"-1\">Industriais<\/a>\n<ul class=\"sub-menu elementor-nav-menu--dropdown\">\n\t<li class=\"menu-item menu-item-type-post_type menu-item-object-page menu-item-1293\"><a href=\"https:\/\/reuss.com.br\/wp\/projetos\/industriais\/ppe-clube\/\" class=\"elementor-sub-item\" tabindex=\"-1\">PPE Clube<\/a><\/li>\n\t<li class=\"menu-item menu-item-type-post_type menu-item-object-page menu-item-1331\"><a href=\"https:\/\/reuss.com.br\/wp\/projetos\/industriais\/ppe-laboratorios-ampliacao\/\" class=\"elementor-sub-item\" tabindex=\"-1\">PPE Laboratorios Ampliacao<\/a><\/li>\n<\/ul>\n<\/li>\n<li class=\"menu-item menu-item-type-post_type menu-item-object-page menu-item-has-children menu-item-486\"><a href=\"https:\/\/reuss.com.br\/wp\/projetos\/corporativos\/\" class=\"elementor-item\" tabindex=\"-1\">Corporativos<\/a>\n<ul class=\"sub-menu elementor-nav-menu--dropdown\">\n\t<li class=\"menu-item menu-item-type-post_type menu-item-object-page menu-item-776\"><a href=\"https:\/\/reuss.com.br\/wp\/projetos\/corporativos\/gilberto-elkis\/\" class=\"elementor-sub-item\" tabindex=\"-1\">GilbertoElkis<\/a><\/li>\n\t<li class=\"menu-item menu-item-type-post_type menu-item-object-page menu-item-1170\"><a href=\"https:\/\/reuss.com.br\/wp\/projetos\/corporativos\/ppe-fios-cea\/\" class=\"elementor-sub-item\" tabindex=\"-1\">PPE Fios CEA<\/a><\/li>\n<\/ul>\n<\/li>\n<li class=\"menu-item menu-item-type-post_type menu-item-object-page menu-item-589\"><a href=\"https:\/\/reuss.com.br\/wp\/projetos\/residenciais\/\" class=\"elementor-item\" tabindex=\"-1\">Residenciais<\/a><\/li>\n<li class=\"menu-item menu-item-type-post_type menu-item-object-page menu-item-has-children menu-item-593\"><a href=\"https:\/\/reuss.com.br\/wp\/projetos\/institucionais\/\" class=\"elementor-item\" tabindex=\"-1\">Institucionais<\/a>\n<ul class=\"sub-menu elementor-nav-menu--dropdown\">\n\t<li class=\"menu-item menu-item-type-post_type menu-item-object-page menu-item-1222\"><a href=\"https:\/\/reuss.com.br\/wp\/projetos\/institucionais\/marina-publica-de-sao-sebastiao\/\" class=\"elementor-sub-item\" tabindex=\"-1\">Marina P\u00fablica de S\u00e3o Sebasti\u00e3o<\/a><\/li>\n\t<li class=\"menu-item menu-item-type-post_type menu-item-object-page menu-item-877\"><a href=\"https:\/\/reuss.com.br\/wp\/projetos\/institucionais\/tgi\/\" class=\"elementor-sub-item\" tabindex=\"-1\">TGI<\/a><\/li>\n\t<li class=\"menu-item menu-item-type-post_type menu-item-object-page menu-item-987\"><a href=\"https:\/\/reuss.com.br\/wp\/projetos\/institucionais\/pavitec\/\" class=\"elementor-sub-item\" tabindex=\"-1\">PAVITEC<\/a><\/li>\n\t<li class=\"menu-item menu-item-type-post_type menu-item-object-page menu-item-958\"><a href=\"https:\/\/reuss.com.br\/wp\/projetos\/institucionais\/tg\/\" class=\"elementor-sub-item\" tabindex=\"-1\">TG<\/a><\/li>\n<\/ul>\n<\/li>\n<\/ul>\t\t\t<\/nav>\n\t\t\t\t\t\t<\/div>\n\t\t\t\t<\/div>\n\t\t\t\t\t<\/div>\n\t\t<\/div>\n\t\t\t\t\t<\/div>\n\t\t<\/section>\n\t\t\t\t<section class=\"elementor-section elementor-top-section elementor-element elementor-element-798ebc16 elementor-section-full_width elementor-section-height-default elementor-section-height-default\" data-id=\"798ebc16\" data-element_type=\"section\" data-e-type=\"section\" data-settings=\"{&quot;background_background&quot;:&quot;classic&quot;}\">\n\t\t\t\t\t\t<div class=\"elementor-container elementor-column-gap-default\">\n\t\t\t\t\t<div class=\"elementor-column elementor-col-100 elementor-top-column elementor-element elementor-element-5dcaddc4\" data-id=\"5dcaddc4\" data-element_type=\"column\" data-e-type=\"column\">\n\t\t\t<div class=\"elementor-widget-wrap elementor-element-populated\">\n\t\t\t\t\t\t<div class=\"elementor-element elementor-element-1a1675ed elementor-widget elementor-widget-heading\" data-id=\"1a1675ed\" data-element_type=\"widget\" data-e-type=\"widget\" data-widget_type=\"heading.default\">\n\t\t\t\t<div class=\"elementor-widget-container\">\n\t\t\t\t\t<h2 class=\"elementor-heading-title elementor-size-default\">PAVITEC - IFAI \/ UNICAMP<\/h2>\t\t\t\t<\/div>\n\t\t\t\t<\/div>\n\t\t\t\t<section class=\"elementor-section elementor-inner-section elementor-element elementor-element-12b86101 elementor-section-full_width elementor-section-height-default elementor-section-height-default\" data-id=\"12b86101\" data-element_type=\"section\" data-e-type=\"section\">\n\t\t\t\t\t\t<div class=\"elementor-container elementor-column-gap-default\">\n\t\t\t\t\t<div class=\"elementor-column elementor-col-50 elementor-inner-column elementor-element elementor-element-37f5944b\" data-id=\"37f5944b\" data-element_type=\"column\" data-e-type=\"column\">\n\t\t\t<div class=\"elementor-widget-wrap elementor-element-populated\">\n\t\t\t\t\t\t<div class=\"elementor-element elementor-element-134dd2ff elementor-widget elementor-widget-image\" data-id=\"134dd2ff\" data-element_type=\"widget\" data-e-type=\"widget\" data-widget_type=\"image.default\">\n\t\t\t\t<div class=\"elementor-widget-container\">\n\t\t\t\t\t\t\t\t\t\t\t\t\t\t\t\t<a href=\"https:\/\/reuss.com.br\/wp\/wp-content\/uploads\/2019\/05\/ft-07-ladodet.jpg\" data-elementor-open-lightbox=\"yes\" data-elementor-lightbox-title=\"ft 07 ladodet\" data-e-action-hash=\"#elementor-action%3Aaction%3Dlightbox%26settings%3DeyJpZCI6OTYyLCJ1cmwiOiJodHRwczpcL1wvcmV1c3MuY29tLmJyXC93cFwvd3AtY29udGVudFwvdXBsb2Fkc1wvMjAxOVwvMDVcL2Z0LTA3LWxhZG9kZXQuanBnIn0%3D\">\n\t\t\t\t\t\t\t<img fetchpriority=\"high\" decoding=\"async\" width=\"640\" height=\"429\" src=\"https:\/\/reuss.com.br\/wp\/wp-content\/uploads\/2019\/05\/ft-07-ladodet-1024x687.jpg\" class=\"attachment-large size-large wp-image-962\" alt=\"\" srcset=\"https:\/\/reuss.com.br\/wp\/wp-content\/uploads\/2019\/05\/ft-07-ladodet-1024x687.jpg 1024w, https:\/\/reuss.com.br\/wp\/wp-content\/uploads\/2019\/05\/ft-07-ladodet-300x201.jpg 300w, https:\/\/reuss.com.br\/wp\/wp-content\/uploads\/2019\/05\/ft-07-ladodet-768x515.jpg 768w, https:\/\/reuss.com.br\/wp\/wp-content\/uploads\/2019\/05\/ft-07-ladodet.jpg 1200w\" sizes=\"(max-width: 640px) 100vw, 640px\" \/>\t\t\t\t\t\t\t\t<\/a>\n\t\t\t\t\t\t\t\t\t\t\t\t\t\t\t<\/div>\n\t\t\t\t<\/div>\n\t\t\t\t<div class=\"elementor-element elementor-element-7539bd23 elementor-widget elementor-widget-heading\" data-id=\"7539bd23\" data-element_type=\"widget\" data-e-type=\"widget\" data-widget_type=\"heading.default\">\n\t\t\t\t<div class=\"elementor-widget-container\">\n\t\t\t\t\t<h3 class=\"elementor-heading-title elementor-size-default\">Estudos Unicamp \/ 2004<\/h3>\t\t\t\t<\/div>\n\t\t\t\t<\/div>\n\t\t\t\t<div class=\"elementor-element elementor-element-7de8aba0 elementor-widget elementor-widget-text-editor\" data-id=\"7de8aba0\" data-element_type=\"widget\" data-e-type=\"widget\" data-widget_type=\"text-editor.default\">\n\t\t\t\t<div class=\"elementor-widget-container\">\n\t\t\t\t\t\t\t\t\t<p>No ano de 2004 em coautoria com Renato Rossi e Jesse Salgado, desenvolvem o projeto e para a Unicamp. Se pretendia ter uma estrutura tensionada e uma representa\u00e7\u00e3o da IFAI no Brasil.<\/p><p>A empresa GTP projetos S\/C participa com pre projetos estruturais.<\/p><p>Era a inten\u00e7\u00e3o de se fazer o 1o projeto em Fiber Teflon no Brasil.<\/p><p>\u00a0<\/p>\t\t\t\t\t\t\t\t<\/div>\n\t\t\t\t<\/div>\n\t\t\t\t<div class=\"elementor-element elementor-element-b015b69 elementor-widget elementor-widget-image\" data-id=\"b015b69\" data-element_type=\"widget\" data-e-type=\"widget\" data-widget_type=\"image.default\">\n\t\t\t\t<div class=\"elementor-widget-container\">\n\t\t\t\t\t\t\t\t\t\t\t\t\t\t\t<img decoding=\"async\" width=\"848\" height=\"1000\" src=\"https:\/\/reuss.com.br\/wp\/wp-content\/uploads\/2019\/05\/ft-06-lado.jpg\" class=\"attachment-full size-full wp-image-973\" alt=\"\" srcset=\"https:\/\/reuss.com.br\/wp\/wp-content\/uploads\/2019\/05\/ft-06-lado.jpg 848w, https:\/\/reuss.com.br\/wp\/wp-content\/uploads\/2019\/05\/ft-06-lado-254x300.jpg 254w, https:\/\/reuss.com.br\/wp\/wp-content\/uploads\/2019\/05\/ft-06-lado-768x906.jpg 768w\" sizes=\"(max-width: 848px) 100vw, 848px\" \/>\t\t\t\t\t\t\t\t\t\t\t\t\t\t\t<\/div>\n\t\t\t\t<\/div>\n\t\t\t\t\t<\/div>\n\t\t<\/div>\n\t\t\t\t<div class=\"elementor-column elementor-col-50 elementor-inner-column elementor-element elementor-element-33cae5a7\" data-id=\"33cae5a7\" data-element_type=\"column\" data-e-type=\"column\" data-settings=\"{&quot;background_background&quot;:&quot;classic&quot;}\">\n\t\t\t<div class=\"elementor-widget-wrap elementor-element-populated\">\n\t\t\t\t\t\t<div class=\"elementor-element elementor-element-8643a23 elementor-widget elementor-widget-image\" data-id=\"8643a23\" data-element_type=\"widget\" data-e-type=\"widget\" data-widget_type=\"image.default\">\n\t\t\t\t<div class=\"elementor-widget-container\">\n\t\t\t\t\t\t\t\t\t\t\t\t\t\t\t\t<a href=\"https:\/\/reuss.com.br\/wp\/wp-content\/uploads\/2019\/05\/IMG_0015.jpg\" data-elementor-open-lightbox=\"yes\" data-elementor-lightbox-title=\"IMG_0015\" data-e-action-hash=\"#elementor-action%3Aaction%3Dlightbox%26settings%3DeyJpZCI6OTc0LCJ1cmwiOiJodHRwczpcL1wvcmV1c3MuY29tLmJyXC93cFwvd3AtY29udGVudFwvdXBsb2Fkc1wvMjAxOVwvMDVcL0lNR18wMDE1LmpwZyJ9\">\n\t\t\t\t\t\t\t<img decoding=\"async\" width=\"1549\" height=\"1102\" src=\"https:\/\/reuss.com.br\/wp\/wp-content\/uploads\/2019\/05\/IMG_0015.jpg\" class=\"attachment-full size-full wp-image-974\" alt=\"\" srcset=\"https:\/\/reuss.com.br\/wp\/wp-content\/uploads\/2019\/05\/IMG_0015.jpg 1549w, https:\/\/reuss.com.br\/wp\/wp-content\/uploads\/2019\/05\/IMG_0015-300x213.jpg 300w, https:\/\/reuss.com.br\/wp\/wp-content\/uploads\/2019\/05\/IMG_0015-768x546.jpg 768w, https:\/\/reuss.com.br\/wp\/wp-content\/uploads\/2019\/05\/IMG_0015-1024x729.jpg 1024w\" sizes=\"(max-width: 1549px) 100vw, 1549px\" \/>\t\t\t\t\t\t\t\t<\/a>\n\t\t\t\t\t\t\t\t\t\t\t\t\t\t\t<\/div>\n\t\t\t\t<\/div>\n\t\t\t\t<div class=\"elementor-element elementor-element-c1b7d7a elementor-widget elementor-widget-image\" data-id=\"c1b7d7a\" data-element_type=\"widget\" data-e-type=\"widget\" data-widget_type=\"image.default\">\n\t\t\t\t<div class=\"elementor-widget-container\">\n\t\t\t\t\t\t\t\t\t\t\t\t\t\t\t<img loading=\"lazy\" decoding=\"async\" width=\"1200\" height=\"835\" src=\"https:\/\/reuss.com.br\/wp\/wp-content\/uploads\/2019\/05\/ft-04-frent.jpg\" class=\"attachment-full size-full wp-image-972\" alt=\"\" srcset=\"https:\/\/reuss.com.br\/wp\/wp-content\/uploads\/2019\/05\/ft-04-frent.jpg 1200w, https:\/\/reuss.com.br\/wp\/wp-content\/uploads\/2019\/05\/ft-04-frent-300x209.jpg 300w, https:\/\/reuss.com.br\/wp\/wp-content\/uploads\/2019\/05\/ft-04-frent-768x534.jpg 768w, https:\/\/reuss.com.br\/wp\/wp-content\/uploads\/2019\/05\/ft-04-frent-1024x713.jpg 1024w\" sizes=\"(max-width: 1200px) 100vw, 1200px\" \/>\t\t\t\t\t\t\t\t\t\t\t\t\t\t\t<\/div>\n\t\t\t\t<\/div>\n\t\t\t\t<div class=\"elementor-element elementor-element-ce12e31 elementor-widget elementor-widget-image\" data-id=\"ce12e31\" data-element_type=\"widget\" data-e-type=\"widget\" data-widget_type=\"image.default\">\n\t\t\t\t<div class=\"elementor-widget-container\">\n\t\t\t\t\t\t\t\t\t\t\t\t\t\t\t<img loading=\"lazy\" decoding=\"async\" width=\"1490\" height=\"993\" src=\"https:\/\/reuss.com.br\/wp\/wp-content\/uploads\/2019\/05\/IMG_0020.jpg\" class=\"attachment-full size-full wp-image-985\" alt=\"\" srcset=\"https:\/\/reuss.com.br\/wp\/wp-content\/uploads\/2019\/05\/IMG_0020.jpg 1490w, https:\/\/reuss.com.br\/wp\/wp-content\/uploads\/2019\/05\/IMG_0020-300x200.jpg 300w, https:\/\/reuss.com.br\/wp\/wp-content\/uploads\/2019\/05\/IMG_0020-768x512.jpg 768w, https:\/\/reuss.com.br\/wp\/wp-content\/uploads\/2019\/05\/IMG_0020-1024x682.jpg 1024w\" sizes=\"(max-width: 1490px) 100vw, 1490px\" \/>\t\t\t\t\t\t\t\t\t\t\t\t\t\t\t<\/div>\n\t\t\t\t<\/div>\n\t\t\t\t\t<\/div>\n\t\t<\/div>\n\t\t\t\t\t<\/div>\n\t\t<\/section>\n\t\t\t\t<section class=\"elementor-section elementor-inner-section elementor-element elementor-element-3357d953 elementor-section-content-middle elementor-section-full_width elementor-section-height-default elementor-section-height-default\" data-id=\"3357d953\" data-element_type=\"section\" data-e-type=\"section\" data-settings=\"{&quot;background_background&quot;:&quot;classic&quot;}\">\n\t\t\t\t\t\t<div class=\"elementor-container elementor-column-gap-no\">\n\t\t\t\t\t<main class=\"elementor-column elementor-col-100 elementor-inner-column elementor-element elementor-element-297b0e6c\" data-id=\"297b0e6c\" data-element_type=\"column\" data-e-type=\"column\">\n\t\t\t<div class=\"elementor-widget-wrap elementor-element-populated\">\n\t\t\t\t\t\t<div class=\"elementor-element elementor-element-36b123aa elementor-widget elementor-widget-image\" data-id=\"36b123aa\" data-element_type=\"widget\" data-e-type=\"widget\" data-widget_type=\"image.default\">\n\t\t\t\t<div class=\"elementor-widget-container\">\n\t\t\t\t\t\t\t\t\t\t\t\t\t\t\t<img loading=\"lazy\" decoding=\"async\" width=\"1200\" height=\"848\" src=\"https:\/\/reuss.com.br\/wp\/wp-content\/uploads\/2019\/05\/PAVITECpag1.jpg\" class=\"attachment-full size-full wp-image-978\" alt=\"\" srcset=\"https:\/\/reuss.com.br\/wp\/wp-content\/uploads\/2019\/05\/PAVITECpag1.jpg 1200w, https:\/\/reuss.com.br\/wp\/wp-content\/uploads\/2019\/05\/PAVITECpag1-300x212.jpg 300w, https:\/\/reuss.com.br\/wp\/wp-content\/uploads\/2019\/05\/PAVITECpag1-768x543.jpg 768w, https:\/\/reuss.com.br\/wp\/wp-content\/uploads\/2019\/05\/PAVITECpag1-1024x724.jpg 1024w\" sizes=\"(max-width: 1200px) 100vw, 1200px\" \/>\t\t\t\t\t\t\t\t\t\t\t\t\t\t\t<\/div>\n\t\t\t\t<\/div>\n\t\t\t\t<div class=\"elementor-element elementor-element-2edeb4ae elementor-widget elementor-widget-image\" data-id=\"2edeb4ae\" data-element_type=\"widget\" data-e-type=\"widget\" data-widget_type=\"image.default\">\n\t\t\t\t<div class=\"elementor-widget-container\">\n\t\t\t\t\t\t\t\t\t\t\t\t\t\t\t<img loading=\"lazy\" decoding=\"async\" width=\"1200\" height=\"848\" src=\"https:\/\/reuss.com.br\/wp\/wp-content\/uploads\/2019\/05\/PAVITECpag2.jpg\" class=\"attachment-full size-full wp-image-979\" alt=\"\" srcset=\"https:\/\/reuss.com.br\/wp\/wp-content\/uploads\/2019\/05\/PAVITECpag2.jpg 1200w, https:\/\/reuss.com.br\/wp\/wp-content\/uploads\/2019\/05\/PAVITECpag2-300x212.jpg 300w, https:\/\/reuss.com.br\/wp\/wp-content\/uploads\/2019\/05\/PAVITECpag2-768x543.jpg 768w, https:\/\/reuss.com.br\/wp\/wp-content\/uploads\/2019\/05\/PAVITECpag2-1024x724.jpg 1024w\" sizes=\"(max-width: 1200px) 100vw, 1200px\" \/>\t\t\t\t\t\t\t\t\t\t\t\t\t\t\t<\/div>\n\t\t\t\t<\/div>\n\t\t\t\t<div class=\"elementor-element elementor-element-ffd2d07 elementor-widget elementor-widget-image\" data-id=\"ffd2d07\" data-element_type=\"widget\" data-e-type=\"widget\" data-widget_type=\"image.default\">\n\t\t\t\t<div class=\"elementor-widget-container\">\n\t\t\t\t\t\t\t\t\t\t\t\t\t\t\t<img loading=\"lazy\" decoding=\"async\" width=\"1200\" height=\"848\" src=\"https:\/\/reuss.com.br\/wp\/wp-content\/uploads\/2019\/05\/PAVITECpag3.jpg\" class=\"attachment-full size-full wp-image-980\" alt=\"\" srcset=\"https:\/\/reuss.com.br\/wp\/wp-content\/uploads\/2019\/05\/PAVITECpag3.jpg 1200w, https:\/\/reuss.com.br\/wp\/wp-content\/uploads\/2019\/05\/PAVITECpag3-300x212.jpg 300w, https:\/\/reuss.com.br\/wp\/wp-content\/uploads\/2019\/05\/PAVITECpag3-768x543.jpg 768w, https:\/\/reuss.com.br\/wp\/wp-content\/uploads\/2019\/05\/PAVITECpag3-1024x724.jpg 1024w\" sizes=\"(max-width: 1200px) 100vw, 1200px\" \/>\t\t\t\t\t\t\t\t\t\t\t\t\t\t\t<\/div>\n\t\t\t\t<\/div>\n\t\t\t\t<div class=\"elementor-element elementor-element-cf244b3 elementor-widget elementor-widget-image\" data-id=\"cf244b3\" data-element_type=\"widget\" data-e-type=\"widget\" data-widget_type=\"image.default\">\n\t\t\t\t<div class=\"elementor-widget-container\">\n\t\t\t\t\t\t\t\t\t\t\t\t\t\t\t<img loading=\"lazy\" decoding=\"async\" width=\"1200\" height=\"848\" src=\"https:\/\/reuss.com.br\/wp\/wp-content\/uploads\/2019\/05\/PAVITECpag4.jpg\" class=\"attachment-full size-full wp-image-981\" alt=\"\" srcset=\"https:\/\/reuss.com.br\/wp\/wp-content\/uploads\/2019\/05\/PAVITECpag4.jpg 1200w, https:\/\/reuss.com.br\/wp\/wp-content\/uploads\/2019\/05\/PAVITECpag4-300x212.jpg 300w, https:\/\/reuss.com.br\/wp\/wp-content\/uploads\/2019\/05\/PAVITECpag4-768x543.jpg 768w, https:\/\/reuss.com.br\/wp\/wp-content\/uploads\/2019\/05\/PAVITECpag4-1024x724.jpg 1024w\" sizes=\"(max-width: 1200px) 100vw, 1200px\" \/>\t\t\t\t\t\t\t\t\t\t\t\t\t\t\t<\/div>\n\t\t\t\t<\/div>\n\t\t\t\t<div class=\"elementor-element elementor-element-55367c6 elementor-widget elementor-widget-image\" data-id=\"55367c6\" data-element_type=\"widget\" data-e-type=\"widget\" data-widget_type=\"image.default\">\n\t\t\t\t<div class=\"elementor-widget-container\">\n\t\t\t\t\t\t\t\t\t\t\t\t\t\t\t<img loading=\"lazy\" decoding=\"async\" width=\"1200\" height=\"848\" src=\"https:\/\/reuss.com.br\/wp\/wp-content\/uploads\/2019\/05\/PAVITECpag5.jpg\" class=\"attachment-full size-full wp-image-982\" alt=\"\" srcset=\"https:\/\/reuss.com.br\/wp\/wp-content\/uploads\/2019\/05\/PAVITECpag5.jpg 1200w, https:\/\/reuss.com.br\/wp\/wp-content\/uploads\/2019\/05\/PAVITECpag5-300x212.jpg 300w, https:\/\/reuss.com.br\/wp\/wp-content\/uploads\/2019\/05\/PAVITECpag5-768x543.jpg 768w, https:\/\/reuss.com.br\/wp\/wp-content\/uploads\/2019\/05\/PAVITECpag5-1024x724.jpg 1024w\" sizes=\"(max-width: 1200px) 100vw, 1200px\" \/>\t\t\t\t\t\t\t\t\t\t\t\t\t\t\t<\/div>\n\t\t\t\t<\/div>\n\t\t\t\t<div class=\"elementor-element elementor-element-f2a456e elementor-widget elementor-widget-image\" data-id=\"f2a456e\" data-element_type=\"widget\" data-e-type=\"widget\" data-widget_type=\"image.default\">\n\t\t\t\t<div class=\"elementor-widget-container\">\n\t\t\t\t\t\t\t\t\t\t\t\t\t\t\t<img loading=\"lazy\" decoding=\"async\" width=\"1200\" height=\"848\" src=\"https:\/\/reuss.com.br\/wp\/wp-content\/uploads\/2019\/05\/PAVITECpag6.jpg\" class=\"attachment-full size-full wp-image-983\" alt=\"\" srcset=\"https:\/\/reuss.com.br\/wp\/wp-content\/uploads\/2019\/05\/PAVITECpag6.jpg 1200w, https:\/\/reuss.com.br\/wp\/wp-content\/uploads\/2019\/05\/PAVITECpag6-300x212.jpg 300w, https:\/\/reuss.com.br\/wp\/wp-content\/uploads\/2019\/05\/PAVITECpag6-768x543.jpg 768w, https:\/\/reuss.com.br\/wp\/wp-content\/uploads\/2019\/05\/PAVITECpag6-1024x724.jpg 1024w\" sizes=\"(max-width: 1200px) 100vw, 1200px\" \/>\t\t\t\t\t\t\t\t\t\t\t\t\t\t\t<\/div>\n\t\t\t\t<\/div>\n\t\t\t\t\t<\/div>\n\t\t<\/main>\n\t\t\t\t\t<\/div>\n\t\t<\/section>\n\t\t\t\t\t<\/div>\n\t\t<\/div>\n\t\t\t\t\t<\/div>\n\t\t<\/section>\n\t\t\t\t<\/div>\n\t\t","protected":false},"excerpt":{"rendered":"<p>PORTFOLIO PAVITEC &#8211; IFAI \/ UNICAMP Estudos Unicamp \/ 2004 No ano de 2004 em coautoria com Renato Rossi e Jesse Salgado, desenvolvem o projeto e para a Unicamp. Se&#8230;<\/p>\n","protected":false},"author":1,"featured_media":0,"parent":591,"menu_order":0,"comment_status":"closed","ping_status":"closed","template":"elementor_header_footer","meta":{"footnotes":""},"class_list":["post-964","page","type-page","status-publish","hentry"],"_links":{"self":[{"href":"https:\/\/reuss.com.br\/wp\/wp-json\/wp\/v2\/pages\/964","targetHints":{"allow":["GET"]}}],"collection":[{"href":"https:\/\/reuss.com.br\/wp\/wp-json\/wp\/v2\/pages"}],"about":[{"href":"https:\/\/reuss.com.br\/wp\/wp-json\/wp\/v2\/types\/page"}],"author":[{"embeddable":true,"href":"https:\/\/reuss.com.br\/wp\/wp-json\/wp\/v2\/users\/1"}],"replies":[{"embeddable":true,"href":"https:\/\/reuss.com.br\/wp\/wp-json\/wp\/v2\/comments?post=964"}],"version-history":[{"count":8,"href":"https:\/\/reuss.com.br\/wp\/wp-json\/wp\/v2\/pages\/964\/revisions"}],"predecessor-version":[{"id":1001,"href":"https:\/\/reuss.com.br\/wp\/wp-json\/wp\/v2\/pages\/964\/revisions\/1001"}],"up":[{"embeddable":true,"href":"https:\/\/reuss.com.br\/wp\/wp-json\/wp\/v2\/pages\/591"}],"wp:attachment":[{"href":"https:\/\/reuss.com.br\/wp\/wp-json\/wp\/v2\/media?parent=964"}],"curies":[{"name":"wp","href":"https:\/\/api.w.org\/{rel}","templated":true}]}}